{"id":1441,"date":"2024-05-31T01:37:29","date_gmt":"2024-05-30T23:37:29","guid":{"rendered":"https:\/\/spzpolymer.cz\/products\/ramtal-copy\/"},"modified":"2024-09-17T21:03:14","modified_gmt":"2024-09-17T19:03:14","slug":"ramtough","status":"publish","type":"page","link":"https:\/\/staging-s.spzpolymer.cz\/en\/products\/ramtough\/","title":{"rendered":"RAMTOUGH"},"content":{"rendered":"\t\t<div data-elementor-type=\"wp-page\" data-elementor-id=\"1441\" class=\"elementor elementor-1441\" data-elementor-post-type=\"page\">\n\t\t\t\t\t\t<section class=\"has_eae_slider elementor-section elementor-top-section elementor-element elementor-element-869e0c1 elementor-section-boxed elementor-section-height-default elementor-section-height-default\" data-eae-slider=\"9275\" data-id=\"869e0c1\" data-element_type=\"section\" data-e-type=\"section\" data-settings=\"{&quot;background_background&quot;:&quot;classic&quot;,&quot;jet_parallax_layout_list&quot;:[]}\">\n\t\t\t\t\t\t<div class=\"elementor-container elementor-column-gap-default\">\n\t\t\t\t\t<div class=\"has_eae_slider elementor-column elementor-col-100 elementor-top-column elementor-element elementor-element-7b3af0f\" data-eae-slider=\"80303\" data-id=\"7b3af0f\" data-element_type=\"column\" data-e-type=\"column\">\n\t\t\t<div class=\"elementor-widget-wrap elementor-element-populated\">\n\t\t\t\t\t\t<div class=\"elementor-element elementor-element-e24f09b elementor-widget elementor-widget-heading\" data-id=\"e24f09b\" data-element_type=\"widget\" data-e-type=\"widget\" data-settings=\"{&quot;ekit_we_effect_on&quot;:&quot;none&quot;}\" data-widget_type=\"heading.default\">\n\t\t\t\t<div class=\"elementor-widget-container\">\n\t\t\t\t\t<h2 class=\"elementor-heading-title elementor-size-default\">RAMTOUGH\u00ae PC Compounds<\/h2>\t\t\t\t<\/div>\n\t\t\t\t<\/div>\n\t\t\t\t\t<\/div>\n\t\t<\/div>\n\t\t\t\t\t<\/div>\n\t\t<\/section>\n\t\t\t\t<section class=\"has_eae_slider elementor-section elementor-top-section elementor-element elementor-element-4c27a7c elementor-section-boxed elementor-section-height-default elementor-section-height-default\" data-eae-slider=\"22914\" data-id=\"4c27a7c\" data-element_type=\"section\" data-e-type=\"section\" data-settings=\"{&quot;background_background&quot;:&quot;classic&quot;,&quot;jet_parallax_layout_list&quot;:[]}\">\n\t\t\t\t\t\t<div class=\"elementor-container elementor-column-gap-default\">\n\t\t\t\t\t<div class=\"has_eae_slider elementor-column elementor-col-50 elementor-top-column elementor-element elementor-element-1c66886\" data-eae-slider=\"86963\" data-id=\"1c66886\" data-element_type=\"column\" data-e-type=\"column\">\n\t\t\t<div class=\"elementor-widget-wrap elementor-element-populated\">\n\t\t\t\t\t\t<div class=\"elementor-element elementor-element-7f74e9f elementor-hidden-mobile_extra elementor-hidden-mobile jet-nav-align-flex-start elementor-widget elementor-widget-global elementor-global-2009 elementor-widget-jet-nav-menu\" data-id=\"7f74e9f\" data-element_type=\"widget\" data-e-type=\"widget\" data-settings=\"{&quot;ekit_we_effect_on&quot;:&quot;none&quot;}\" data-widget_type=\"jet-nav-menu.default\">\n\t\t\t\t<div class=\"elementor-widget-container\">\n\t\t\t\t\t<nav class=\"jet-nav-wrap m-layout-mobile jet-mobile-menu jet-mobile-menu--default\" data-mobile-trigger-device=\"mobile\" data-mobile-layout=\"default\">\n<div class=\"jet-nav__mobile-trigger jet-nav-mobile-trigger-align-left\">\n\t<span class=\"jet-nav__mobile-trigger-open jet-blocks-icon\"><svg aria-hidden=\"true\" class=\"e-font-icon-svg e-fas-bars\" viewBox=\"0 0 448 512\" xmlns=\"http:\/\/www.w3.org\/2000\/svg\"><path d=\"M16 132h416c8.837 0 16-7.163 16-16V76c0-8.837-7.163-16-16-16H16C7.163 60 0 67.163 0 76v40c0 8.837 7.163 16 16 16zm0 160h416c8.837 0 16-7.163 16-16v-40c0-8.837-7.163-16-16-16H16c-8.837 0-16 7.163-16 16v40c0 8.837 7.163 16 16 16zm0 160h416c8.837 0 16-7.163 16-16v-40c0-8.837-7.163-16-16-16H16c-8.837 0-16 7.163-16 16v40c0 8.837 7.163 16 16 16z\"><\/path><\/svg><\/span>\t<span class=\"jet-nav__mobile-trigger-close jet-blocks-icon\"><svg aria-hidden=\"true\" class=\"e-font-icon-svg e-fas-times\" viewBox=\"0 0 352 512\" xmlns=\"http:\/\/www.w3.org\/2000\/svg\"><path d=\"M242.72 256l100.07-100.07c12.28-12.28 12.28-32.19 0-44.48l-22.24-22.24c-12.28-12.28-32.19-12.28-44.48 0L176 189.28 75.93 89.21c-12.28-12.28-32.19-12.28-44.48 0L9.21 111.45c-12.28 12.28-12.28 32.19 0 44.48L109.28 256 9.21 356.07c-12.28 12.28-12.28 32.19 0 44.48l22.24 22.24c12.28 12.28 32.2 12.28 44.48 0L176 322.72l100.07 100.07c12.28 12.28 32.2 12.28 44.48 0l22.24-22.24c12.28-12.28 12.28-32.19 0-44.48L242.72 256z\"><\/path><\/svg><\/span><\/div><div class=\"menu-products-container\"><div class=\"jet-nav m-layout-mobile jet-nav--vertical jet-nav--vertical-sub-bottom\"><div class=\"menu-item menu-item-type-custom menu-item-object-custom menu-item-has-children jet-nav__item-1791 jet-nav__item\"><a href=\"#\" class=\"menu-item-link menu-item-link-depth-0 menu-item-link-top\"><span class=\"jet-nav-link-text\">Functional Polymers<\/span><div class=\"jet-nav-arrow\"><svg aria-hidden=\"true\" class=\"e-font-icon-svg e-fa-angle-down\" viewBox=\"0 0 320 512\" xmlns=\"http:\/\/www.w3.org\/2000\/svg\"><path d=\"M143 352.3L7 216.3c-9.4-9.4-9.4-24.6 0-33.9l22.6-22.6c9.4-9.4 24.6-9.4 33.9 0l96.4 96.4 96.4-96.4c9.4-9.4 24.6-9.4 33.9 0l22.6 22.6c9.4 9.4 9.4 24.6 0 33.9l-136 136c-9.2 9.4-24.4 9.4-33.8 0z\"><\/path><\/svg><\/div><\/a>\n<div  class=\"jet-nav__sub jet-nav-depth-0\">\n\t<div class=\"menu-item menu-item-type-post_type menu-item-object-page jet-nav__item-1683 jet-nav__item jet-nav-item-sub\"><a href=\"https:\/\/staging-s.spzpolymer.cz\/en\/products\/bondyram-functional-polymers\/\" class=\"menu-item-link menu-item-link-depth-1 menu-item-link-sub\"><span class=\"jet-nav-link-text\">BONDYRAM\u00ae Coupling Agents<\/span><\/a><\/div>\n\t<div class=\"menu-item menu-item-type-post_type menu-item-object-page jet-nav__item-1682 jet-nav__item jet-nav-item-sub\"><a href=\"https:\/\/staging-s.spzpolymer.cz\/en\/products\/bondyram-tl-tie-layer\/\" class=\"menu-item-link menu-item-link-depth-1 menu-item-link-sub\"><span class=\"jet-nav-link-text\">BONDYRAM\u00ae TL<\/span><\/a><\/div>\n<\/div>\n<\/div>\n<div class=\"menu-item menu-item-type-custom menu-item-object-custom menu-item-has-children jet-nav__item-1792 jet-nav__item\"><a href=\"#\" class=\"menu-item-link menu-item-link-depth-0 menu-item-link-top\"><span class=\"jet-nav-link-text\">Engineering Plastics<\/span><div class=\"jet-nav-arrow\"><svg aria-hidden=\"true\" class=\"e-font-icon-svg e-fa-angle-down\" viewBox=\"0 0 320 512\" xmlns=\"http:\/\/www.w3.org\/2000\/svg\"><path d=\"M143 352.3L7 216.3c-9.4-9.4-9.4-24.6 0-33.9l22.6-22.6c9.4-9.4 24.6-9.4 33.9 0l96.4 96.4 96.4-96.4c9.4-9.4 24.6-9.4 33.9 0l22.6 22.6c9.4 9.4 9.4 24.6 0 33.9l-136 136c-9.2 9.4-24.4 9.4-33.8 0z\"><\/path><\/svg><\/div><\/a>\n<div  class=\"jet-nav__sub jet-nav-depth-0\">\n\t<div class=\"menu-item menu-item-type-post_type menu-item-object-page jet-nav__item-1676 jet-nav__item jet-nav-item-sub\"><a href=\"https:\/\/staging-s.spzpolymer.cz\/en\/products\/plustek\/\" class=\"menu-item-link menu-item-link-depth-1 menu-item-link-sub\"><span class=\"jet-nav-link-text\">PLUSTEK\u00ae<\/span><\/a><\/div>\n\t<div class=\"menu-item menu-item-type-post_type menu-item-object-page jet-nav__item-2872 jet-nav__item jet-nav-item-sub\"><a href=\"https:\/\/staging-s.spzpolymer.cz\/en\/products\/ramofin\/\" class=\"menu-item-link menu-item-link-depth-1 menu-item-link-sub\"><span class=\"jet-nav-link-text\">RAMOFIN\u00ae<\/span><\/a><\/div>\n\t<div class=\"menu-item menu-item-type-post_type menu-item-object-page jet-nav__item-1677 jet-nav__item jet-nav-item-sub\"><a href=\"https:\/\/staging-s.spzpolymer.cz\/en\/products\/ramshine\/\" class=\"menu-item-link menu-item-link-depth-1 menu-item-link-sub\"><span class=\"jet-nav-link-text\">RAMSHINE\u00ae<\/span><\/a><\/div>\n\t<div class=\"menu-item menu-item-type-post_type menu-item-object-page jet-nav__item-1680 jet-nav__item jet-nav-item-sub\"><a href=\"https:\/\/staging-s.spzpolymer.cz\/en\/products\/ramster\/\" class=\"menu-item-link menu-item-link-depth-1 menu-item-link-sub\"><span class=\"jet-nav-link-text\">RAMSTER\u00ae<\/span><\/a><\/div>\n\t<div class=\"menu-item menu-item-type-post_type menu-item-object-page jet-nav__item-1675 jet-nav__item jet-nav-item-sub\"><a href=\"https:\/\/staging-s.spzpolymer.cz\/en\/products\/ramlloy\/\" class=\"menu-item-link menu-item-link-depth-1 menu-item-link-sub\"><span class=\"jet-nav-link-text\">RAMLLOY\u00ae<\/span><\/a><\/div>\n\t<div class=\"menu-item menu-item-type-post_type menu-item-object-page jet-nav__item-1678 jet-nav__item jet-nav-item-sub\"><a href=\"https:\/\/staging-s.spzpolymer.cz\/en\/products\/ramtough\/\" class=\"menu-item-link menu-item-link-depth-1 menu-item-link-sub\"><span class=\"jet-nav-link-text\">RAMTOUGH\u00ae<\/span><\/a><\/div>\n\t<div class=\"menu-item menu-item-type-post_type menu-item-object-page jet-nav__item-1679 jet-nav__item jet-nav-item-sub\"><a href=\"https:\/\/staging-s.spzpolymer.cz\/en\/products\/ramtal\/\" class=\"menu-item-link menu-item-link-depth-1 menu-item-link-sub\"><span class=\"jet-nav-link-text\">RAMTAL\u00ae<\/span><\/a><\/div>\n<\/div>\n<\/div>\n<div class=\"menu-item menu-item-type-custom menu-item-object-custom menu-item-has-children jet-nav__item-1793 jet-nav__item\"><a href=\"#\" class=\"menu-item-link menu-item-link-depth-0 menu-item-link-top\"><span class=\"jet-nav-link-text\">Long Glass Fibres<\/span><div class=\"jet-nav-arrow\"><svg aria-hidden=\"true\" class=\"e-font-icon-svg e-fa-angle-down\" viewBox=\"0 0 320 512\" xmlns=\"http:\/\/www.w3.org\/2000\/svg\"><path d=\"M143 352.3L7 216.3c-9.4-9.4-9.4-24.6 0-33.9l22.6-22.6c9.4-9.4 24.6-9.4 33.9 0l96.4 96.4 96.4-96.4c9.4-9.4 24.6-9.4 33.9 0l22.6 22.6c9.4 9.4 9.4 24.6 0 33.9l-136 136c-9.2 9.4-24.4 9.4-33.8 0z\"><\/path><\/svg><\/div><\/a>\n<div  class=\"jet-nav__sub jet-nav-depth-0\">\n\t<div class=\"menu-item menu-item-type-post_type menu-item-object-page jet-nav__item-1681 jet-nav__item jet-nav-item-sub\"><a href=\"https:\/\/staging-s.spzpolymer.cz\/en\/products\/polytron\/\" class=\"menu-item-link menu-item-link-depth-1 menu-item-link-sub\"><span class=\"jet-nav-link-text\">POLYTRON\u00ae<\/span><\/a><\/div>\n<\/div>\n<\/div>\n<div class=\"menu-item menu-item-type-custom menu-item-object-custom menu-item-has-children jet-nav__item-1794 jet-nav__item\"><a href=\"#\" class=\"menu-item-link menu-item-link-depth-0 menu-item-link-top\"><span class=\"jet-nav-link-text\">Purging Agents<\/span><div class=\"jet-nav-arrow\"><svg aria-hidden=\"true\" class=\"e-font-icon-svg e-fa-angle-down\" viewBox=\"0 0 320 512\" xmlns=\"http:\/\/www.w3.org\/2000\/svg\"><path d=\"M143 352.3L7 216.3c-9.4-9.4-9.4-24.6 0-33.9l22.6-22.6c9.4-9.4 24.6-9.4 33.9 0l96.4 96.4 96.4-96.4c9.4-9.4 24.6-9.4 33.9 0l22.6 22.6c9.4 9.4 9.4 24.6 0 33.9l-136 136c-9.2 9.4-24.4 9.4-33.8 0z\"><\/path><\/svg><\/div><\/a>\n<div  class=\"jet-nav__sub jet-nav-depth-0\">\n\t<div class=\"menu-item menu-item-type-post_type menu-item-object-page jet-nav__item-1674 jet-nav__item jet-nav-item-sub\"><a href=\"https:\/\/staging-s.spzpolymer.cz\/en\/products\/ramclean\/\" class=\"menu-item-link menu-item-link-depth-1 menu-item-link-sub\"><span class=\"jet-nav-link-text\">RAMCLEAN\u00ae<\/span><\/a><\/div>\n<\/div>\n<\/div>\n<\/div><\/div><\/nav>\t\t\t\t<\/div>\n\t\t\t\t<\/div>\n\t\t\t\t\t<\/div>\n\t\t<\/div>\n\t\t\t\t<div class=\"has_eae_slider elementor-column elementor-col-50 elementor-top-column elementor-element elementor-element-96e75b4\" data-eae-slider=\"90609\" data-id=\"96e75b4\" data-element_type=\"column\" data-e-type=\"column\">\n\t\t\t<div class=\"elementor-widget-wrap elementor-element-populated\">\n\t\t\t\t\t\t<section class=\"has_eae_slider elementor-section elementor-inner-section elementor-element elementor-element-0326cd5 elementor-section-boxed elementor-section-height-default elementor-section-height-default\" data-eae-slider=\"41559\" data-id=\"0326cd5\" data-element_type=\"section\" data-e-type=\"section\" data-settings=\"{&quot;jet_parallax_layout_list&quot;:[]}\">\n\t\t\t\t\t\t<div class=\"elementor-container elementor-column-gap-default\">\n\t\t\t\t\t<div class=\"has_eae_slider elementor-column elementor-col-100 elementor-inner-column elementor-element elementor-element-d17ac94\" data-eae-slider=\"930\" data-id=\"d17ac94\" data-element_type=\"column\" data-e-type=\"column\">\n\t\t\t<div class=\"elementor-widget-wrap elementor-element-populated\">\n\t\t\t\t\t\t<div class=\"elementor-element elementor-element-7ac61d5 elementor-widget elementor-widget-image\" data-id=\"7ac61d5\" data-element_type=\"widget\" data-e-type=\"widget\" data-settings=\"{&quot;ekit_we_effect_on&quot;:&quot;none&quot;}\" data-widget_type=\"image.default\">\n\t\t\t\t<div class=\"elementor-widget-container\">\n\t\t\t\t\t\t\t\t\t\t\t\t\t\t\t<img fetchpriority=\"high\" decoding=\"async\" width=\"455\" height=\"1024\" src=\"https:\/\/staging-s.spzpolymer.cz\/wp-content\/uploads\/2024\/09\/RAMTOUGH.drawio500-455x1024.png\" class=\"attachment-large size-large wp-image-4054\" alt=\"\" srcset=\"https:\/\/staging-s.spzpolymer.cz\/wp-content\/uploads\/2024\/09\/RAMTOUGH.drawio500-455x1024.png 455w, https:\/\/staging-s.spzpolymer.cz\/wp-content\/uploads\/2024\/09\/RAMTOUGH.drawio500-133x300.png 133w, https:\/\/staging-s.spzpolymer.cz\/wp-content\/uploads\/2024\/09\/RAMTOUGH.drawio500-768x1729.png 768w, https:\/\/staging-s.spzpolymer.cz\/wp-content\/uploads\/2024\/09\/RAMTOUGH.drawio500-682x1536.png 682w, https:\/\/staging-s.spzpolymer.cz\/wp-content\/uploads\/2024\/09\/RAMTOUGH.drawio500.png 842w\" sizes=\"(max-width: 455px) 100vw, 455px\" \/>\t\t\t\t\t\t\t\t\t\t\t\t\t\t\t<\/div>\n\t\t\t\t<\/div>\n\t\t\t\t\t<\/div>\n\t\t<\/div>\n\t\t\t\t\t<\/div>\n\t\t<\/section>\n\t\t\t\t\t<\/div>\n\t\t<\/div>\n\t\t\t\t\t<\/div>\n\t\t<\/section>\n\t\t\t\t<\/div>\n\t\t","protected":false},"excerpt":{"rendered":"<p>RAMTOUGH\u00ae PC Compounds FUNK\u010cN\u00cd POLYMERY BONDYRAM\u00ae Spojovac\u00ed \u010cinidla BONDYRAM\u00ae TL TECHNICK\u00c9 PLASTY PLUSTEK RAMOFIN RAMSHINE RAMSTER RAMLLOY RAMTOUGH RAMTAL DLOUH\u00c1 SKLEN\u011aN\u00c1 VL\u00c1KNA Polytron\u00ae \u010cISTIC\u00cd PROST\u0158EDKY Ramclean\u00ae<\/p>\n","protected":false},"author":1,"featured_media":0,"parent":1356,"menu_order":0,"comment_status":"closed","ping_status":"closed","template":"elementor_header_footer","meta":{"_acf_changed":false,"footnotes":""},"class_list":["post-1441","page","type-page","status-publish","hentry"],"acf":[],"_links":{"self":[{"href":"https:\/\/staging-s.spzpolymer.cz\/en\/wp-json\/wp\/v2\/pages\/1441","targetHints":{"allow":["GET"]}}],"collection":[{"href":"https:\/\/staging-s.spzpolymer.cz\/en\/wp-json\/wp\/v2\/pages"}],"about":[{"href":"https:\/\/staging-s.spzpolymer.cz\/en\/wp-json\/wp\/v2\/types\/page"}],"author":[{"embeddable":true,"href":"https:\/\/staging-s.spzpolymer.cz\/en\/wp-json\/wp\/v2\/users\/1"}],"replies":[{"embeddable":true,"href":"https:\/\/staging-s.spzpolymer.cz\/en\/wp-json\/wp\/v2\/comments?post=1441"}],"version-history":[{"count":3,"href":"https:\/\/staging-s.spzpolymer.cz\/en\/wp-json\/wp\/v2\/pages\/1441\/revisions"}],"predecessor-version":[{"id":4058,"href":"https:\/\/staging-s.spzpolymer.cz\/en\/wp-json\/wp\/v2\/pages\/1441\/revisions\/4058"}],"up":[{"embeddable":true,"href":"https:\/\/staging-s.spzpolymer.cz\/en\/wp-json\/wp\/v2\/pages\/1356"}],"wp:attachment":[{"href":"https:\/\/staging-s.spzpolymer.cz\/en\/wp-json\/wp\/v2\/media?parent=1441"}],"curies":[{"name":"wp","href":"https:\/\/api.w.org\/{rel}","templated":true}]}}