{"id":1513,"date":"2024-05-31T02:57:00","date_gmt":"2024-05-31T00:57:00","guid":{"rendered":"https:\/\/spzpolymer.cz\/products\/polytron-copy\/"},"modified":"2025-05-17T19:39:40","modified_gmt":"2025-05-17T17:39:40","slug":"ramclean","status":"publish","type":"page","link":"https:\/\/staging-s.spzpolymer.cz\/en\/products\/ramclean\/","title":{"rendered":"Ramclean\u00ae"},"content":{"rendered":"\t\t<div data-elementor-type=\"wp-page\" data-elementor-id=\"1513\" class=\"elementor elementor-1513\" data-elementor-post-type=\"page\">\n\t\t\t\t\t\t<section class=\"has_eae_slider elementor-section elementor-top-section elementor-element elementor-element-806578b elementor-section-boxed elementor-section-height-default elementor-section-height-default\" data-eae-slider=\"86163\" data-id=\"806578b\" data-element_type=\"section\" data-e-type=\"section\" data-settings=\"{&quot;background_background&quot;:&quot;classic&quot;,&quot;jet_parallax_layout_list&quot;:[]}\">\n\t\t\t\t\t\t<div class=\"elementor-container elementor-column-gap-default\">\n\t\t\t\t\t<div class=\"has_eae_slider elementor-column elementor-col-100 elementor-top-column elementor-element elementor-element-0734fa8\" data-eae-slider=\"53275\" data-id=\"0734fa8\" data-element_type=\"column\" data-e-type=\"column\">\n\t\t\t<div class=\"elementor-widget-wrap elementor-element-populated\">\n\t\t\t\t\t\t<div class=\"elementor-element elementor-element-00b4aff elementor-widget elementor-widget-heading\" data-id=\"00b4aff\" data-element_type=\"widget\" data-e-type=\"widget\" data-settings=\"{&quot;ekit_we_effect_on&quot;:&quot;none&quot;}\" data-widget_type=\"heading.default\">\n\t\t\t\t<div class=\"elementor-widget-container\">\n\t\t\t\t\t<h2 class=\"elementor-heading-title elementor-size-default\">RAMCLEAN\u00ae<\/h2>\t\t\t\t<\/div>\n\t\t\t\t<\/div>\n\t\t\t\t<div class=\"elementor-element elementor-element-9ef76dc elementor-widget elementor-widget-text-editor\" data-id=\"9ef76dc\" data-element_type=\"widget\" data-e-type=\"widget\" data-settings=\"{&quot;ekit_we_effect_on&quot;:&quot;none&quot;}\" data-widget_type=\"text-editor.default\">\n\t\t\t\t<div class=\"elementor-widget-container\">\n\t\t\t\t\t\t\t\t\t<p>.<\/p>\t\t\t\t\t\t\t\t<\/div>\n\t\t\t\t<\/div>\n\t\t\t\t\t<\/div>\n\t\t<\/div>\n\t\t\t\t\t<\/div>\n\t\t<\/section>\n\t\t\t\t<section class=\"has_eae_slider elementor-section elementor-top-section elementor-element elementor-element-3b8c02a elementor-section-boxed elementor-section-height-default elementor-section-height-default\" data-eae-slider=\"78183\" data-id=\"3b8c02a\" data-element_type=\"section\" data-e-type=\"section\" data-settings=\"{&quot;background_background&quot;:&quot;classic&quot;,&quot;jet_parallax_layout_list&quot;:[]}\">\n\t\t\t\t\t\t<div class=\"elementor-container elementor-column-gap-default\">\n\t\t\t\t\t<div class=\"has_eae_slider elementor-column elementor-col-50 elementor-top-column elementor-element elementor-element-cd80909\" data-eae-slider=\"72134\" data-id=\"cd80909\" data-element_type=\"column\" data-e-type=\"column\">\n\t\t\t<div class=\"elementor-widget-wrap elementor-element-populated\">\n\t\t\t\t\t\t<div class=\"elementor-element elementor-element-91d593a elementor-hidden-mobile_extra elementor-hidden-mobile jet-nav-align-flex-start elementor-widget elementor-widget-global elementor-global-2009 elementor-widget-jet-nav-menu\" data-id=\"91d593a\" data-element_type=\"widget\" data-e-type=\"widget\" data-settings=\"{&quot;ekit_we_effect_on&quot;:&quot;none&quot;}\" data-widget_type=\"jet-nav-menu.default\">\n\t\t\t\t<div class=\"elementor-widget-container\">\n\t\t\t\t\t<nav class=\"jet-nav-wrap m-layout-mobile jet-mobile-menu jet-mobile-menu--default\" data-mobile-trigger-device=\"mobile\" data-mobile-layout=\"default\">\n<div class=\"jet-nav__mobile-trigger jet-nav-mobile-trigger-align-left\">\n\t<span class=\"jet-nav__mobile-trigger-open jet-blocks-icon\"><svg aria-hidden=\"true\" class=\"e-font-icon-svg e-fas-bars\" viewBox=\"0 0 448 512\" xmlns=\"http:\/\/www.w3.org\/2000\/svg\"><path d=\"M16 132h416c8.837 0 16-7.163 16-16V76c0-8.837-7.163-16-16-16H16C7.163 60 0 67.163 0 76v40c0 8.837 7.163 16 16 16zm0 160h416c8.837 0 16-7.163 16-16v-40c0-8.837-7.163-16-16-16H16c-8.837 0-16 7.163-16 16v40c0 8.837 7.163 16 16 16zm0 160h416c8.837 0 16-7.163 16-16v-40c0-8.837-7.163-16-16-16H16c-8.837 0-16 7.163-16 16v40c0 8.837 7.163 16 16 16z\"><\/path><\/svg><\/span>\t<span class=\"jet-nav__mobile-trigger-close jet-blocks-icon\"><svg aria-hidden=\"true\" class=\"e-font-icon-svg e-fas-times\" viewBox=\"0 0 352 512\" xmlns=\"http:\/\/www.w3.org\/2000\/svg\"><path d=\"M242.72 256l100.07-100.07c12.28-12.28 12.28-32.19 0-44.48l-22.24-22.24c-12.28-12.28-32.19-12.28-44.48 0L176 189.28 75.93 89.21c-12.28-12.28-32.19-12.28-44.48 0L9.21 111.45c-12.28 12.28-12.28 32.19 0 44.48L109.28 256 9.21 356.07c-12.28 12.28-12.28 32.19 0 44.48l22.24 22.24c12.28 12.28 32.2 12.28 44.48 0L176 322.72l100.07 100.07c12.28 12.28 32.2 12.28 44.48 0l22.24-22.24c12.28-12.28 12.28-32.19 0-44.48L242.72 256z\"><\/path><\/svg><\/span><\/div><div class=\"menu-products-container\"><div class=\"jet-nav m-layout-mobile jet-nav--vertical jet-nav--vertical-sub-bottom\"><div class=\"menu-item menu-item-type-custom menu-item-object-custom menu-item-has-children jet-nav__item-1791 jet-nav__item\"><a href=\"#\" class=\"menu-item-link menu-item-link-depth-0 menu-item-link-top\"><span class=\"jet-nav-link-text\">Functional Polymers<\/span><div class=\"jet-nav-arrow\"><svg aria-hidden=\"true\" class=\"e-font-icon-svg e-fa-angle-down\" viewBox=\"0 0 320 512\" xmlns=\"http:\/\/www.w3.org\/2000\/svg\"><path d=\"M143 352.3L7 216.3c-9.4-9.4-9.4-24.6 0-33.9l22.6-22.6c9.4-9.4 24.6-9.4 33.9 0l96.4 96.4 96.4-96.4c9.4-9.4 24.6-9.4 33.9 0l22.6 22.6c9.4 9.4 9.4 24.6 0 33.9l-136 136c-9.2 9.4-24.4 9.4-33.8 0z\"><\/path><\/svg><\/div><\/a>\n<div  class=\"jet-nav__sub jet-nav-depth-0\">\n\t<div class=\"menu-item menu-item-type-post_type menu-item-object-page jet-nav__item-1683 jet-nav__item jet-nav-item-sub\"><a href=\"https:\/\/staging-s.spzpolymer.cz\/en\/products\/bondyram-functional-polymers\/\" class=\"menu-item-link menu-item-link-depth-1 menu-item-link-sub\"><span class=\"jet-nav-link-text\">BONDYRAM\u00ae Coupling Agents<\/span><\/a><\/div>\n\t<div class=\"menu-item menu-item-type-post_type menu-item-object-page jet-nav__item-1682 jet-nav__item jet-nav-item-sub\"><a href=\"https:\/\/staging-s.spzpolymer.cz\/en\/products\/bondyram-tl-tie-layer\/\" class=\"menu-item-link menu-item-link-depth-1 menu-item-link-sub\"><span class=\"jet-nav-link-text\">BONDYRAM\u00ae TL<\/span><\/a><\/div>\n<\/div>\n<\/div>\n<div class=\"menu-item menu-item-type-custom menu-item-object-custom menu-item-has-children jet-nav__item-1792 jet-nav__item\"><a href=\"#\" class=\"menu-item-link menu-item-link-depth-0 menu-item-link-top\"><span class=\"jet-nav-link-text\">Engineering Plastics<\/span><div class=\"jet-nav-arrow\"><svg aria-hidden=\"true\" class=\"e-font-icon-svg e-fa-angle-down\" viewBox=\"0 0 320 512\" xmlns=\"http:\/\/www.w3.org\/2000\/svg\"><path d=\"M143 352.3L7 216.3c-9.4-9.4-9.4-24.6 0-33.9l22.6-22.6c9.4-9.4 24.6-9.4 33.9 0l96.4 96.4 96.4-96.4c9.4-9.4 24.6-9.4 33.9 0l22.6 22.6c9.4 9.4 9.4 24.6 0 33.9l-136 136c-9.2 9.4-24.4 9.4-33.8 0z\"><\/path><\/svg><\/div><\/a>\n<div  class=\"jet-nav__sub jet-nav-depth-0\">\n\t<div class=\"menu-item menu-item-type-post_type menu-item-object-page jet-nav__item-1676 jet-nav__item jet-nav-item-sub\"><a href=\"https:\/\/staging-s.spzpolymer.cz\/en\/products\/plustek\/\" class=\"menu-item-link menu-item-link-depth-1 menu-item-link-sub\"><span class=\"jet-nav-link-text\">PLUSTEK\u00ae<\/span><\/a><\/div>\n\t<div class=\"menu-item menu-item-type-post_type menu-item-object-page jet-nav__item-2872 jet-nav__item jet-nav-item-sub\"><a href=\"https:\/\/staging-s.spzpolymer.cz\/en\/products\/ramofin\/\" class=\"menu-item-link menu-item-link-depth-1 menu-item-link-sub\"><span class=\"jet-nav-link-text\">RAMOFIN\u00ae<\/span><\/a><\/div>\n\t<div class=\"menu-item menu-item-type-post_type menu-item-object-page jet-nav__item-1677 jet-nav__item jet-nav-item-sub\"><a href=\"https:\/\/staging-s.spzpolymer.cz\/en\/products\/ramshine\/\" class=\"menu-item-link menu-item-link-depth-1 menu-item-link-sub\"><span class=\"jet-nav-link-text\">RAMSHINE\u00ae<\/span><\/a><\/div>\n\t<div class=\"menu-item menu-item-type-post_type menu-item-object-page jet-nav__item-1680 jet-nav__item jet-nav-item-sub\"><a href=\"https:\/\/staging-s.spzpolymer.cz\/en\/products\/ramster\/\" class=\"menu-item-link menu-item-link-depth-1 menu-item-link-sub\"><span class=\"jet-nav-link-text\">RAMSTER\u00ae<\/span><\/a><\/div>\n\t<div class=\"menu-item menu-item-type-post_type menu-item-object-page jet-nav__item-1675 jet-nav__item jet-nav-item-sub\"><a href=\"https:\/\/staging-s.spzpolymer.cz\/en\/products\/ramlloy\/\" class=\"menu-item-link menu-item-link-depth-1 menu-item-link-sub\"><span class=\"jet-nav-link-text\">RAMLLOY\u00ae<\/span><\/a><\/div>\n\t<div class=\"menu-item menu-item-type-post_type menu-item-object-page jet-nav__item-1678 jet-nav__item jet-nav-item-sub\"><a href=\"https:\/\/staging-s.spzpolymer.cz\/en\/products\/ramtough\/\" class=\"menu-item-link menu-item-link-depth-1 menu-item-link-sub\"><span class=\"jet-nav-link-text\">RAMTOUGH\u00ae<\/span><\/a><\/div>\n\t<div class=\"menu-item menu-item-type-post_type menu-item-object-page jet-nav__item-1679 jet-nav__item jet-nav-item-sub\"><a href=\"https:\/\/staging-s.spzpolymer.cz\/en\/products\/ramtal\/\" class=\"menu-item-link menu-item-link-depth-1 menu-item-link-sub\"><span class=\"jet-nav-link-text\">RAMTAL\u00ae<\/span><\/a><\/div>\n<\/div>\n<\/div>\n<div class=\"menu-item menu-item-type-custom menu-item-object-custom menu-item-has-children jet-nav__item-1793 jet-nav__item\"><a href=\"#\" class=\"menu-item-link menu-item-link-depth-0 menu-item-link-top\"><span class=\"jet-nav-link-text\">Long Glass Fibres<\/span><div class=\"jet-nav-arrow\"><svg aria-hidden=\"true\" class=\"e-font-icon-svg e-fa-angle-down\" viewBox=\"0 0 320 512\" xmlns=\"http:\/\/www.w3.org\/2000\/svg\"><path d=\"M143 352.3L7 216.3c-9.4-9.4-9.4-24.6 0-33.9l22.6-22.6c9.4-9.4 24.6-9.4 33.9 0l96.4 96.4 96.4-96.4c9.4-9.4 24.6-9.4 33.9 0l22.6 22.6c9.4 9.4 9.4 24.6 0 33.9l-136 136c-9.2 9.4-24.4 9.4-33.8 0z\"><\/path><\/svg><\/div><\/a>\n<div  class=\"jet-nav__sub jet-nav-depth-0\">\n\t<div class=\"menu-item menu-item-type-post_type menu-item-object-page jet-nav__item-1681 jet-nav__item jet-nav-item-sub\"><a href=\"https:\/\/staging-s.spzpolymer.cz\/en\/products\/polytron\/\" class=\"menu-item-link menu-item-link-depth-1 menu-item-link-sub\"><span class=\"jet-nav-link-text\">POLYTRON\u00ae<\/span><\/a><\/div>\n<\/div>\n<\/div>\n<div class=\"menu-item menu-item-type-custom menu-item-object-custom menu-item-has-children jet-nav__item-1794 jet-nav__item\"><a href=\"#\" class=\"menu-item-link menu-item-link-depth-0 menu-item-link-top\"><span class=\"jet-nav-link-text\">Purging Agents<\/span><div class=\"jet-nav-arrow\"><svg aria-hidden=\"true\" class=\"e-font-icon-svg e-fa-angle-down\" viewBox=\"0 0 320 512\" xmlns=\"http:\/\/www.w3.org\/2000\/svg\"><path d=\"M143 352.3L7 216.3c-9.4-9.4-9.4-24.6 0-33.9l22.6-22.6c9.4-9.4 24.6-9.4 33.9 0l96.4 96.4 96.4-96.4c9.4-9.4 24.6-9.4 33.9 0l22.6 22.6c9.4 9.4 9.4 24.6 0 33.9l-136 136c-9.2 9.4-24.4 9.4-33.8 0z\"><\/path><\/svg><\/div><\/a>\n<div  class=\"jet-nav__sub jet-nav-depth-0\">\n\t<div class=\"menu-item menu-item-type-post_type menu-item-object-page jet-nav__item-1674 jet-nav__item jet-nav-item-sub\"><a href=\"https:\/\/staging-s.spzpolymer.cz\/en\/products\/ramclean\/\" class=\"menu-item-link menu-item-link-depth-1 menu-item-link-sub\"><span class=\"jet-nav-link-text\">RAMCLEAN\u00ae<\/span><\/a><\/div>\n<\/div>\n<\/div>\n<\/div><\/div><\/nav>\t\t\t\t<\/div>\n\t\t\t\t<\/div>\n\t\t\t\t\t<\/div>\n\t\t<\/div>\n\t\t\t\t<div class=\"has_eae_slider elementor-column elementor-col-50 elementor-top-column elementor-element elementor-element-3373101\" data-eae-slider=\"7722\" data-id=\"3373101\" data-element_type=\"column\" data-e-type=\"column\">\n\t\t\t<div class=\"elementor-widget-wrap elementor-element-populated\">\n\t\t\t\t\t\t<section class=\"has_eae_slider elementor-section elementor-inner-section elementor-element elementor-element-974b1ff elementor-section-boxed elementor-section-height-default elementor-section-height-default\" data-eae-slider=\"19492\" data-id=\"974b1ff\" data-element_type=\"section\" data-e-type=\"section\" data-settings=\"{&quot;jet_parallax_layout_list&quot;:[]}\">\n\t\t\t\t\t\t<div class=\"elementor-container elementor-column-gap-default\">\n\t\t\t\t\t<div class=\"has_eae_slider elementor-column elementor-col-100 elementor-inner-column elementor-element elementor-element-6d29300\" data-eae-slider=\"92111\" data-id=\"6d29300\" data-element_type=\"column\" data-e-type=\"column\">\n\t\t\t<div class=\"elementor-widget-wrap elementor-element-populated\">\n\t\t\t\t\t\t<div class=\"elementor-element elementor-element-cf0fb86 elementor-widget elementor-widget-image\" data-id=\"cf0fb86\" data-element_type=\"widget\" data-e-type=\"widget\" data-settings=\"{&quot;ekit_we_effect_on&quot;:&quot;none&quot;}\" data-widget_type=\"image.default\">\n\t\t\t\t<div class=\"elementor-widget-container\">\n\t\t\t\t\t\t\t\t\t\t\t\t\t\t\t<img fetchpriority=\"high\" decoding=\"async\" width=\"429\" height=\"1024\" src=\"https:\/\/staging-s.spzpolymer.cz\/wp-content\/uploads\/2024\/06\/RAMCLEAN2-429x1024.jpg\" class=\"attachment-large size-large wp-image-3093\" alt=\"\" srcset=\"https:\/\/staging-s.spzpolymer.cz\/wp-content\/uploads\/2024\/06\/RAMCLEAN2-429x1024.jpg 429w, https:\/\/staging-s.spzpolymer.cz\/wp-content\/uploads\/2024\/06\/RAMCLEAN2-126x300.jpg 126w, https:\/\/staging-s.spzpolymer.cz\/wp-content\/uploads\/2024\/06\/RAMCLEAN2-768x1833.jpg 768w, https:\/\/staging-s.spzpolymer.cz\/wp-content\/uploads\/2024\/06\/RAMCLEAN2-643x1536.jpg 643w, https:\/\/staging-s.spzpolymer.cz\/wp-content\/uploads\/2024\/06\/RAMCLEAN2.jpg 842w\" sizes=\"(max-width: 429px) 100vw, 429px\" \/>\t\t\t\t\t\t\t\t\t\t\t\t\t\t\t<\/div>\n\t\t\t\t<\/div>\n\t\t\t\t\t<\/div>\n\t\t<\/div>\n\t\t\t\t\t<\/div>\n\t\t<\/section>\n\t\t\t\t\t<\/div>\n\t\t<\/div>\n\t\t\t\t\t<\/div>\n\t\t<\/section>\n\t\t\t\t<section class=\"has_eae_slider elementor-section elementor-top-section elementor-element elementor-element-7557f02 elementor-section-boxed elementor-section-height-default elementor-section-height-default\" data-eae-slider=\"12838\" data-id=\"7557f02\" data-element_type=\"section\" data-e-type=\"section\" data-settings=\"{&quot;background_background&quot;:&quot;classic&quot;,&quot;jet_parallax_layout_list&quot;:[]}\">\n\t\t\t\t\t\t<div class=\"elementor-container elementor-column-gap-default\">\n\t\t\t\t\t<div class=\"has_eae_slider elementor-column elementor-col-50 elementor-top-column elementor-element elementor-element-d760927\" data-eae-slider=\"14879\" data-id=\"d760927\" data-element_type=\"column\" data-e-type=\"column\">\n\t\t\t<div class=\"elementor-widget-wrap elementor-element-populated\">\n\t\t\t\t\t\t<div class=\"elementor-element elementor-element-6d82150 elementor-widget elementor-widget-heading\" data-id=\"6d82150\" data-element_type=\"widget\" data-e-type=\"widget\" data-settings=\"{&quot;ekit_we_effect_on&quot;:&quot;none&quot;}\" data-widget_type=\"heading.default\">\n\t\t\t\t<div class=\"elementor-widget-container\">\n\t\t\t\t\t<h2 class=\"elementor-heading-title elementor-size-default\">PURGING AGENTS<\/h2>\t\t\t\t<\/div>\n\t\t\t\t<\/div>\n\t\t\t\t<div class=\"elementor-element elementor-element-6855f56 elementor-widget elementor-widget-heading\" data-id=\"6855f56\" data-element_type=\"widget\" data-e-type=\"widget\" data-settings=\"{&quot;ekit_we_effect_on&quot;:&quot;none&quot;}\" data-widget_type=\"heading.default\">\n\t\t\t\t<div class=\"elementor-widget-container\">\n\t\t\t\t\t<h2 class=\"elementor-heading-title elementor-size-default\">Key Benefits<\/h2>\t\t\t\t<\/div>\n\t\t\t\t<\/div>\n\t\t\t\t<div class=\"elementor-element elementor-element-dd09905 elementor-icon-list--layout-traditional elementor-list-item-link-full_width elementor-widget elementor-widget-icon-list\" data-id=\"dd09905\" data-element_type=\"widget\" data-e-type=\"widget\" data-settings=\"{&quot;ekit_we_effect_on&quot;:&quot;none&quot;}\" data-widget_type=\"icon-list.default\">\n\t\t\t\t<div class=\"elementor-widget-container\">\n\t\t\t\t\t\t\t<ul class=\"elementor-icon-list-items\">\n\t\t\t\t\t\t\t<li class=\"elementor-icon-list-item\">\n\t\t\t\t\t\t\t\t\t\t\t<span class=\"elementor-icon-list-icon\">\n\t\t\t\t\t\t\t<svg aria-hidden=\"true\" class=\"e-font-icon-svg e-fas-circle\" viewBox=\"0 0 512 512\" xmlns=\"http:\/\/www.w3.org\/2000\/svg\"><path d=\"M256 8C119 8 8 119 8 256s111 248 248 248 248-111 248-248S393 8 256 8z\"><\/path><\/svg>\t\t\t\t\t\t<\/span>\n\t\t\t\t\t\t\t\t\t\t<span class=\"elementor-icon-list-text\">Faster material \/ color changeovers<\/span>\n\t\t\t\t\t\t\t\t\t<\/li>\n\t\t\t\t\t\t\t\t<li class=\"elementor-icon-list-item\">\n\t\t\t\t\t\t\t\t\t\t\t<span class=\"elementor-icon-list-icon\">\n\t\t\t\t\t\t\t<svg aria-hidden=\"true\" class=\"e-font-icon-svg e-fas-circle\" viewBox=\"0 0 512 512\" xmlns=\"http:\/\/www.w3.org\/2000\/svg\"><path d=\"M256 8C119 8 8 119 8 256s111 248 248 248 248-111 248-248S393 8 256 8z\"><\/path><\/svg>\t\t\t\t\t\t<\/span>\n\t\t\t\t\t\t\t\t\t\t<span class=\"elementor-icon-list-text\">Reduced need for screw-pulls<\/span>\n\t\t\t\t\t\t\t\t\t<\/li>\n\t\t\t\t\t\t\t\t<li class=\"elementor-icon-list-item\">\n\t\t\t\t\t\t\t\t\t\t\t<span class=\"elementor-icon-list-icon\">\n\t\t\t\t\t\t\t<svg aria-hidden=\"true\" class=\"e-font-icon-svg e-fas-circle\" viewBox=\"0 0 512 512\" xmlns=\"http:\/\/www.w3.org\/2000\/svg\"><path d=\"M256 8C119 8 8 119 8 256s111 248 248 248 248-111 248-248S393 8 256 8z\"><\/path><\/svg>\t\t\t\t\t\t<\/span>\n\t\t\t\t\t\t\t\t\t\t<span class=\"elementor-icon-list-text\">Lower rejects, less scrap<\/span>\n\t\t\t\t\t\t\t\t\t<\/li>\n\t\t\t\t\t\t\t\t<li class=\"elementor-icon-list-item\">\n\t\t\t\t\t\t\t\t\t\t\t<span class=\"elementor-icon-list-icon\">\n\t\t\t\t\t\t\t<svg aria-hidden=\"true\" class=\"e-font-icon-svg e-fas-circle\" viewBox=\"0 0 512 512\" xmlns=\"http:\/\/www.w3.org\/2000\/svg\"><path d=\"M256 8C119 8 8 119 8 256s111 248 248 248 248-111 248-248S393 8 256 8z\"><\/path><\/svg>\t\t\t\t\t\t<\/span>\n\t\t\t\t\t\t\t\t\t\t<span class=\"elementor-icon-list-text\">Black specks removal<\/span>\n\t\t\t\t\t\t\t\t\t<\/li>\n\t\t\t\t\t\t\t\t<li class=\"elementor-icon-list-item\">\n\t\t\t\t\t\t\t\t\t\t\t<span class=\"elementor-icon-list-icon\">\n\t\t\t\t\t\t\t<svg aria-hidden=\"true\" class=\"e-font-icon-svg e-fas-circle\" viewBox=\"0 0 512 512\" xmlns=\"http:\/\/www.w3.org\/2000\/svg\"><path d=\"M256 8C119 8 8 119 8 256s111 248 248 248 248-111 248-248S393 8 256 8z\"><\/path><\/svg>\t\t\t\t\t\t<\/span>\n\t\t\t\t\t\t\t\t\t\t<span class=\"elementor-icon-list-text\">Ready to use as is<\/span>\n\t\t\t\t\t\t\t\t\t<\/li>\n\t\t\t\t\t\t\t\t<li class=\"elementor-icon-list-item\">\n\t\t\t\t\t\t\t\t\t\t\t<span class=\"elementor-icon-list-icon\">\n\t\t\t\t\t\t\t<svg aria-hidden=\"true\" class=\"e-font-icon-svg e-fas-circle\" viewBox=\"0 0 512 512\" xmlns=\"http:\/\/www.w3.org\/2000\/svg\"><path d=\"M256 8C119 8 8 119 8 256s111 248 248 248 248-111 248-248S393 8 256 8z\"><\/path><\/svg>\t\t\t\t\t\t<\/span>\n\t\t\t\t\t\t\t\t\t\t<span class=\"elementor-icon-list-text\">Food contact approved<\/span>\n\t\t\t\t\t\t\t\t\t<\/li>\n\t\t\t\t\t\t\t\t<li class=\"elementor-icon-list-item\">\n\t\t\t\t\t\t\t\t\t\t\t<span class=\"elementor-icon-list-icon\">\n\t\t\t\t\t\t\t<svg aria-hidden=\"true\" class=\"e-font-icon-svg e-fas-circle\" viewBox=\"0 0 512 512\" xmlns=\"http:\/\/www.w3.org\/2000\/svg\"><path d=\"M256 8C119 8 8 119 8 256s111 248 248 248 248-111 248-248S393 8 256 8z\"><\/path><\/svg>\t\t\t\t\t\t<\/span>\n\t\t\t\t\t\t\t\t\t\t<span class=\"elementor-icon-list-text\">REACH compliant*<\/span>\n\t\t\t\t\t\t\t\t\t<\/li>\n\t\t\t\t\t\t\t\t<li class=\"elementor-icon-list-item\">\n\t\t\t\t\t\t\t\t\t\t\t<span class=\"elementor-icon-list-icon\">\n\t\t\t\t\t\t\t<svg aria-hidden=\"true\" class=\"e-font-icon-svg e-fas-circle\" viewBox=\"0 0 512 512\" xmlns=\"http:\/\/www.w3.org\/2000\/svg\"><path d=\"M256 8C119 8 8 119 8 256s111 248 248 248 248-111 248-248S393 8 256 8z\"><\/path><\/svg>\t\t\t\t\t\t<\/span>\n\t\t\t\t\t\t\t\t\t\t<span class=\"elementor-icon-list-text\">Time &amp; cost savings<\/span>\n\t\t\t\t\t\t\t\t\t<\/li>\n\t\t\t\t\t\t<\/ul>\n\t\t\t\t\t\t<\/div>\n\t\t\t\t<\/div>\n\t\t\t\t<div class=\"elementor-element elementor-element-76991c6 elementor-widget elementor-widget-text-editor\" data-id=\"76991c6\" data-element_type=\"widget\" data-e-type=\"widget\" data-settings=\"{&quot;ekit_we_effect_on&quot;:&quot;none&quot;}\" data-widget_type=\"text-editor.default\">\n\t\t\t\t<div class=\"elementor-widget-container\">\n\t\t\t\t\t\t\t\t\t<p>*Not including 206 grade<\/p>\t\t\t\t\t\t\t\t<\/div>\n\t\t\t\t<\/div>\n\t\t\t\t\t<\/div>\n\t\t<\/div>\n\t\t\t\t<div class=\"has_eae_slider elementor-column elementor-col-50 elementor-top-column elementor-element elementor-element-a040519\" data-eae-slider=\"85013\" data-id=\"a040519\" data-element_type=\"column\" data-e-type=\"column\">\n\t\t\t<div class=\"elementor-widget-wrap elementor-element-populated\">\n\t\t\t\t\t\t<div class=\"elementor-element elementor-element-3d416cf elementor-widget elementor-widget-heading\" data-id=\"3d416cf\" data-element_type=\"widget\" data-e-type=\"widget\" data-settings=\"{&quot;ekit_we_effect_on&quot;:&quot;none&quot;}\" data-widget_type=\"heading.default\">\n\t\t\t\t<div class=\"elementor-widget-container\">\n\t\t\t\t\t<h2 class=\"elementor-heading-title elementor-size-default\">Before Purging<\/h2>\t\t\t\t<\/div>\n\t\t\t\t<\/div>\n\t\t\t\t<div class=\"elementor-element elementor-element-4515036 elementor-widget elementor-widget-image\" data-id=\"4515036\" data-element_type=\"widget\" data-e-type=\"widget\" data-settings=\"{&quot;ekit_we_effect_on&quot;:&quot;none&quot;}\" data-widget_type=\"image.default\">\n\t\t\t\t<div class=\"elementor-widget-container\">\n\t\t\t\t\t\t\t\t\t\t\t\t\t\t\t<img decoding=\"async\" width=\"588\" height=\"299\" src=\"https:\/\/staging-s.spzpolymer.cz\/wp-content\/uploads\/2024\/06\/1001.jpg\" class=\"attachment-large size-large wp-image-2524\" alt=\"\" srcset=\"https:\/\/staging-s.spzpolymer.cz\/wp-content\/uploads\/2024\/06\/1001.jpg 588w, https:\/\/staging-s.spzpolymer.cz\/wp-content\/uploads\/2024\/06\/1001-300x153.jpg 300w\" sizes=\"(max-width: 588px) 100vw, 588px\" \/>\t\t\t\t\t\t\t\t\t\t\t\t\t\t\t<\/div>\n\t\t\t\t<\/div>\n\t\t\t\t<div class=\"elementor-element elementor-element-0f44360 elementor-widget elementor-widget-heading\" data-id=\"0f44360\" data-element_type=\"widget\" data-e-type=\"widget\" data-settings=\"{&quot;ekit_we_effect_on&quot;:&quot;none&quot;}\" data-widget_type=\"heading.default\">\n\t\t\t\t<div class=\"elementor-widget-container\">\n\t\t\t\t\t<h2 class=\"elementor-heading-title elementor-size-default\">After Purging with Ramclean<\/h2>\t\t\t\t<\/div>\n\t\t\t\t<\/div>\n\t\t\t\t<div class=\"elementor-element elementor-element-1af82a8 elementor-widget elementor-widget-image\" data-id=\"1af82a8\" data-element_type=\"widget\" data-e-type=\"widget\" data-settings=\"{&quot;ekit_we_effect_on&quot;:&quot;none&quot;}\" data-widget_type=\"image.default\">\n\t\t\t\t<div class=\"elementor-widget-container\">\n\t\t\t\t\t\t\t\t\t\t\t\t\t\t\t<img decoding=\"async\" width=\"640\" height=\"209\" src=\"https:\/\/staging-s.spzpolymer.cz\/wp-content\/uploads\/2024\/06\/1002.jpg\" class=\"attachment-large size-large wp-image-2525\" alt=\"\" srcset=\"https:\/\/staging-s.spzpolymer.cz\/wp-content\/uploads\/2024\/06\/1002.jpg 911w, https:\/\/staging-s.spzpolymer.cz\/wp-content\/uploads\/2024\/06\/1002-300x98.jpg 300w, https:\/\/staging-s.spzpolymer.cz\/wp-content\/uploads\/2024\/06\/1002-768x251.jpg 768w\" sizes=\"(max-width: 640px) 100vw, 640px\" \/>\t\t\t\t\t\t\t\t\t\t\t\t\t\t\t<\/div>\n\t\t\t\t<\/div>\n\t\t\t\t\t<\/div>\n\t\t<\/div>\n\t\t\t\t\t<\/div>\n\t\t<\/section>\n\t\t\t\t<\/div>\n\t\t","protected":false},"excerpt":{"rendered":"<p>RAMCLEAN\u00ae . FUNK\u010cN\u00cd POLYMERY BONDYRAM\u00ae Spojovac\u00ed \u010cinidla BONDYRAM\u00ae TL TECHNICK\u00c9 PLASTY PLUSTEK RAMOFIN RAMSHINE RAMSTER RAMLLOY RAMTOUGH RAMTAL DLOUH\u00c1 SKLEN\u011aN\u00c1 VL\u00c1KNA Polytron\u00ae \u010cISTIC\u00cd PROST\u0158EDKY Ramclean\u00ae PURGING AGENTS Key Benefits Faster material \/ color changeovers Reduced need for screw-pulls Lower rejects, less scrap Black specks removal Ready to use as is Food contact approved REACH compliant* [&hellip;]<\/p>\n","protected":false},"author":1,"featured_media":0,"parent":1356,"menu_order":0,"comment_status":"closed","ping_status":"closed","template":"elementor_header_footer","meta":{"_acf_changed":false,"footnotes":""},"class_list":["post-1513","page","type-page","status-publish","hentry"],"acf":[],"_links":{"self":[{"href":"https:\/\/staging-s.spzpolymer.cz\/en\/wp-json\/wp\/v2\/pages\/1513","targetHints":{"allow":["GET"]}}],"collection":[{"href":"https:\/\/staging-s.spzpolymer.cz\/en\/wp-json\/wp\/v2\/pages"}],"about":[{"href":"https:\/\/staging-s.spzpolymer.cz\/en\/wp-json\/wp\/v2\/types\/page"}],"author":[{"embeddable":true,"href":"https:\/\/staging-s.spzpolymer.cz\/en\/wp-json\/wp\/v2\/users\/1"}],"replies":[{"embeddable":true,"href":"https:\/\/staging-s.spzpolymer.cz\/en\/wp-json\/wp\/v2\/comments?post=1513"}],"version-history":[{"count":3,"href":"https:\/\/staging-s.spzpolymer.cz\/en\/wp-json\/wp\/v2\/pages\/1513\/revisions"}],"predecessor-version":[{"id":6110,"href":"https:\/\/staging-s.spzpolymer.cz\/en\/wp-json\/wp\/v2\/pages\/1513\/revisions\/6110"}],"up":[{"embeddable":true,"href":"https:\/\/staging-s.spzpolymer.cz\/en\/wp-json\/wp\/v2\/pages\/1356"}],"wp:attachment":[{"href":"https:\/\/staging-s.spzpolymer.cz\/en\/wp-json\/wp\/v2\/media?parent=1513"}],"curies":[{"name":"wp","href":"https:\/\/api.w.org\/{rel}","templated":true}]}}